{"id":2074,"date":"2022-10-06T19:33:44","date_gmt":"2022-10-06T19:33:44","guid":{"rendered":"https:\/\/generosi.com.br\/site\/?page_id=2074"},"modified":"2022-10-07T04:21:57","modified_gmt":"2022-10-07T04:21:57","slug":"politica-de-privacidade","status":"publish","type":"page","link":"https:\/\/generosi.com.br\/site\/politica-de-privacidade\/","title":{"rendered":"Pol\u00edtica de privacidade"},"content":{"rendered":"\t\t<div data-elementor-type=\"wp-page\" data-elementor-id=\"2074\" class=\"elementor elementor-2074\" data-elementor-post-type=\"page\">\n\t\t\t\t\t\t\t\t\t<section class=\"elementor-section elementor-top-section elementor-element elementor-element-315e179e elementor-section-boxed elementor-section-height-default elementor-section-height-default\" data-id=\"315e179e\" data-element_type=\"section\" data-settings=\"{&quot;background_background&quot;:&quot;classic&quot;}\">\n\t\t\t\t\t\t<div class=\"elementor-container elementor-column-gap-default\">\n\t\t\t\t\t<div class=\"elementor-column elementor-col-100 elementor-top-column elementor-element elementor-element-26df074a\" data-id=\"26df074a\" data-element_type=\"column\">\n\t\t\t<div class=\"elementor-widget-wrap elementor-element-populated\">\n\t\t\t\t\t\t\t\t<div class=\"elementor-element elementor-element-32a994a elementor-widget elementor-widget-heading\" data-id=\"32a994a\" data-element_type=\"widget\" data-widget_type=\"heading.default\">\n\t\t\t\t<div class=\"elementor-widget-container\">\n\t\t\t<style>\/*! elementor - v3.17.0 - 01-11-2023 *\/\n.elementor-heading-title{padding:0;margin:0;line-height:1}.elementor-widget-heading .elementor-heading-title[class*=elementor-size-]>a{color:inherit;font-size:inherit;line-height:inherit}.elementor-widget-heading .elementor-heading-title.elementor-size-small{font-size:15px}.elementor-widget-heading .elementor-heading-title.elementor-size-medium{font-size:19px}.elementor-widget-heading .elementor-heading-title.elementor-size-large{font-size:29px}.elementor-widget-heading .elementor-heading-title.elementor-size-xl{font-size:39px}.elementor-widget-heading .elementor-heading-title.elementor-size-xxl{font-size:59px}<\/style><h2 class=\"elementor-heading-title elementor-size-default\">POL\u00cdTICA DE PRIVACIDADE<\/h2>\t\t<\/div>\n\t\t\t\t<\/div>\n\t\t\t\t<div class=\"elementor-element elementor-element-d9fd14 elementor-widget elementor-widget-text-editor\" data-id=\"d9fd14\" data-element_type=\"widget\" data-widget_type=\"text-editor.default\">\n\t\t\t\t<div class=\"elementor-widget-container\">\n\t\t\t<style>\/*! elementor - v3.17.0 - 01-11-2023 *\/\n.elementor-widget-text-editor.elementor-drop-cap-view-stacked .elementor-drop-cap{background-color:#69727d;color:#fff}.elementor-widget-text-editor.elementor-drop-cap-view-framed .elementor-drop-cap{color:#69727d;border:3px solid;background-color:transparent}.elementor-widget-text-editor:not(.elementor-drop-cap-view-default) .elementor-drop-cap{margin-top:8px}.elementor-widget-text-editor:not(.elementor-drop-cap-view-default) .elementor-drop-cap-letter{width:1em;height:1em}.elementor-widget-text-editor .elementor-drop-cap{float:left;text-align:center;line-height:1;font-size:50px}.elementor-widget-text-editor .elementor-drop-cap-letter{display:inline-block}<\/style>\t\t\t\t<p><strong>Quem somos<\/strong><\/p>\n<p>N\u00f3s somos a Imperatriz \u2013 Corretora de Seguros LTDA e esta pol\u00edtica de privacidade \u00e9 referente ao uso de dados coletados atrav\u00e9s do site https:\/\/generosi.com.br. Ela foi criada com o intuito de demonstrar nosso compromisso com a prote\u00e7\u00e3o de seus dados pessoais e privacidade.<\/p>\n<p><strong>Quais dados pessoais coletamos e porque<\/strong><\/p>\n<p>A empresa coletar\u00e1 todos os dados pessoais inseridos ou encaminhados nos nossos canais de comunica\u00e7\u00e3o (sites, aplicativos ou telefone), com o objetivo de cotar e contratar produtos e\/ou servi\u00e7os fornecidos por empresas parceiras da Corretora, especialmente as seguradoras parceiras encontradas em nosso site.<br \/>N\u00f3s podemos receber seus dados pessoais por interm\u00e9dio de terceiros, sejam parceiros ou prestadores de servi\u00e7os, que possuam algum relacionamento com voc\u00ea. \u00c9 poss\u00edvel, ainda, que a empresa colete dados de bases p\u00fablicas, disponibilizadas por autoridades (como a Receita Federal e os DETRANS, por exemplo) ou por parceiros que constituem a finalidade desta institui\u00e7\u00e3o: coletar seus dados e fazer cota\u00e7\u00f5es de seguros. Tamb\u00e9m ser\u00e3o captadas informa\u00e7\u00f5es de navega\u00e7\u00e3o em websites ou rede sociais, sempre respeitando a sua privacidade e a finalidade para os quais esses dados pessoais tornaram-se p\u00fablicos.<br \/>Durante a navega\u00e7\u00e3o em nosso website e links estaremos coletando uma s\u00e9rie de informa\u00e7\u00f5es de modo autom\u00e1tico, utilizando tecnologias de mercado, como cookies, pixel tags, beacons e local shared objects, com o prop\u00f3sito de melhorar a sua experi\u00eancia de navega\u00e7\u00e3o em nossos servi\u00e7os, de acordo com os seus h\u00e1bitos e as suas prefer\u00eancias, assim como tecnologias disponibilizadas pela Google.<\/p>\n<p><strong>M\u00eddia<\/strong><\/p>\n<p>As m\u00eddias, fotos e comprovantes enviados seja atrav\u00e9s de formul\u00e1rios ou canais de comunica\u00e7\u00e3o s\u00e3o p\u00fablicos e ser\u00e3o utilizados para a finalidade apresentado no momento de seu preenchimento.<\/p>\n<p><strong>Formul\u00e1rios de contato<\/strong><\/p>\n<p>Os dados fornecidos nos formul\u00e1rios seguem os padr\u00f5es de informa\u00e7\u00f5es exigidos pelos bancos e empresas parceiras, sendo de vital import\u00e2ncia para a contrata\u00e7\u00e3o dos servi\u00e7os de seguro.<\/p>\n<p><strong>Cookies<\/strong><\/p>\n<p>Cookies s\u00e3o arquivos ou informa\u00e7\u00f5es que podem ser armazenadas em seus dispositivos quando voc\u00ea visita os sites ou utiliza os servi\u00e7os online. Os cookies para facilitar o uso e melhor adaptar um website aos interesses e necessidades de seus Usu\u00e1rios, bem como, para auxiliar e melhorar suas estruturas e seus conte\u00fados. Os cookies tamb\u00e9m podem ser utilizados para acelerar suas atividades e experi\u00eancias futuras em nossos servi\u00e7os. Por meio de cookies, o Site armazena informa\u00e7\u00f5es sobre as atividades do navegador, incluindo endere\u00e7o IP e a p\u00e1gina acessada. Esses registros de atividades (logs), que poder\u00e3o compreender dados como o endere\u00e7o IP, as a\u00e7\u00f5es efetuadas no Site, as p\u00e1ginas acessadas, as datas e hor\u00e1rios de cada a\u00e7\u00e3o e de acesso a cada p\u00e1gina do Site e as informa\u00e7\u00f5es sobre o dispositivo utilizado, vers\u00e3o de sistema operacional, navegador, dentre outros aplicativos instalados, ser\u00e3o utilizados apenas para fins estat\u00edsticos e de m\u00e9tricas dos servi\u00e7os disponibilizados, para a investiga\u00e7\u00e3o de fraudes ou de altera\u00e7\u00f5es indevidas em seus sistemas e cadastros, n\u00e3o tendo como finalidade o fornecimento dos dados a terceiros sem autoriza\u00e7\u00e3o expressa do Usu\u00e1rio.<\/p>\n<p><strong>Tipos de Cookies \/ O que eles fazem<\/strong><\/p>\n<ul>\n<li><strong>Necess\u00e1rios<\/strong><\/li>\n<\/ul>\n<p>S\u00e3o fundamentais para o funcionamento correto do site e para o uso dos servi\u00e7os oferecidos. Voc\u00ea pode configurar seu navegador para bloquear ou alertar sobre esses cookies, mas partes do site podem n\u00e3o funcionar corretamente.<\/p>\n<p>Dados de navega\u00e7\u00e3o: endere\u00e7o IP, data e hora de acesso, localiza\u00e7\u00e3o geogr\u00e1fica, tipo de navegador, dura\u00e7\u00e3o da visita e p\u00e1ginas visitadas. Dados sobre o dispositivo de acesso: modelo, fabricante, sistema operacional, operadora de telefonia, tipo de navegador e tamb\u00e9m tipo e velocidade da conex\u00e3o.<\/p>\n<ul>\n<li><strong>Desempenho<\/strong><\/li>\n<\/ul>\n<p>Nos ajudam a entender como os visitantes interagem com a p\u00e1gina da Generosi, assim, eles informam as \u00e1reas visitadas, o tempo de visita e quaisquer problemas encontrados, como mensagens de erro. Usamos o Google Analytics para monitorar o tr\u00e1fego e tamb\u00e9m medir e melhorar o desempenho do site. Para mais informa\u00e7\u00f5es sobre cookies do Google Analytics, <a href=\"https:\/\/policies.google.com\/technologies\/partner-sites\" target=\"_blank\" rel=\"noopener\"><span style=\"text-decoration: underline;\">clique aqui<\/span><\/a>.\u00a0<\/p>\n<p>Dados de navega\u00e7\u00e3o: data e hora de acesso, localiza\u00e7\u00e3o geogr\u00e1fica, tipo de navegador, dura\u00e7\u00e3o da visita e p\u00e1ginas visitadas em nossos sites. Dados sobre o dispositivo de acesso: tipo de navegador, tipo e velocidade da conex\u00e3o e acesso\/sess\u00e3o do cliente \u00e0s redes sociais da Corretora para medi\u00e7\u00e3o de navega\u00e7\u00e3o e audi\u00eancia.<\/p>\n<ul>\n<li><strong>Funcionais<\/strong><\/li>\n<\/ul>\n<p>Permitem que a p\u00e1gina da Imperatriz relembre suas escolhas para oferecer uma experi\u00eancia personalizada. Eles tamb\u00e9m possibilitam que os Usu\u00e1rios assistam a v\u00eddeos e usem redes sociais, campos para coment\u00e1rios, f\u00f3runs, entre outros. Depoimentos, coment\u00e1rios e tempo de navega\u00e7\u00e3o em cada sess\u00e3o.<\/p>\n<ul>\n<li><strong>Marketing<\/strong><\/li>\n<\/ul>\n<p>S\u00e3o usados para oferecer mais conte\u00fados relevantes e que s\u00e3o de interesse do Usu\u00e1rio. Podem apresentar publicidade com um maior direcionamento ou limitar o n\u00famero veiculado nas p\u00e1ginas dos parceiros seguradores. Eles tamb\u00e9m permitem a medi\u00e7\u00e3o da efic\u00e1cia de uma campanha publicit\u00e1ria. Dados de navega\u00e7\u00e3o: data e hora de acesso, tipo de navegador, dura\u00e7\u00e3o da visita e p\u00e1ginas visitadas em nossos sites.<\/p>\n<ul>\n<li><strong>Cookies de Terceiros<\/strong><\/li>\n<\/ul>\n<p>Os cookies podem ser prim\u00e1rios ou de terceiros. Um cookie prim\u00e1rio \u00e9 aquele que voc\u00ea recebe diretamente da empresa Imperatriz, ao visitar o nosso website. Um cookie de terceiros \u00e9 aquele que \u00e9 transferido para o dispositivo do Usu\u00e1rio por terceiros autorizados. N\u00e3o temos controle com rela\u00e7\u00e3o aos cookies habilitados por outros sites que voc\u00ea visita, mesmo que voc\u00ea seja direcionado a eles a partir de nosso site. Entretanto, poderemos trabalhar com determinados provedores terceirizados, como o Google ou a Meta, para permitir que seus cookies funcionem por meio de nosso website, possibilitando que a empresa proporcione a voc\u00ea uma melhor experi\u00eancia e servi\u00e7os personalizados.<\/p>\n<p><strong>An\u00e1lises<\/strong><\/p>\n<p>N\u00f3s coletamos informa\u00e7\u00f5es enquanto voc\u00ea navega em nosso website utilizando as ferramentas do google que cont\u00e9m pol\u00edticas pr\u00f3prias do uso destas informa\u00e7\u00f5es, maiores esclarecimentos podem ser conseguidos aqui: <span style=\"text-decoration: underline;\"><a href=\"https:\/\/support.google.com\/analytics\/answer\/4597324?hl=pt-BR\" target=\"_blank\" rel=\"noopener\">Pol\u00edticas do Google Analytics<\/a><\/span><\/p>\n<p><strong>Com quem compartilhamos seus dados<\/strong><\/p>\n<p>Nosso principal objetivo na coleta de informa\u00e7\u00f5es pessoais \u00e9 conseguir fazer as cota\u00e7\u00f5es e contrata\u00e7\u00f5es de seguros. Por isso, temos a necessidade de compartilhar essas informa\u00e7\u00f5es com os parceiros seguradores que constam no nosso website. No entanto, empresas terceirizadas tamb\u00e9m ter\u00e3o acesso as informa\u00e7\u00f5es no intuito de melhorar a qualidade de nossos servi\u00e7os e sua experi\u00eancia com nossos canais de atendimento.<\/p>\n<p><br \/><strong>Por quanto tempo mantemos os seus dados<\/strong><\/p>\n<p>Os dados pessoais ser\u00e3o eliminados quando n\u00e3o forem mais necess\u00e1rios aos fins para os quais foram coletados, ou quando solicitado por voc\u00ea, exceto na hip\u00f3tese de necessidade de cumprimento de obriga\u00e7\u00e3o legal ou regulat\u00f3ria.<\/p>\n<p><br \/><strong>Quais os seus direitos sobre seus dados<\/strong><\/p>\n<p>N\u00f3s garantimos os direitos ao tratamento dos dados pessoais, sendo de direito ao usu\u00e1rio, atrav\u00e9s de comunica\u00e7\u00e3o expressa, solicitar a exclus\u00e3o das informa\u00e7\u00f5es obtidas atrav\u00e9s de formul\u00e1rios ou contrata\u00e7\u00f5es de servi\u00e7os, bem como, qualquer esclarecimento dos compartilhamentos dessas informa\u00e7\u00f5es em nosso banco de dados.<\/p>\n<p><br \/><strong>Informa\u00e7\u00e3o de contato<\/strong><\/p>\n<p>O contato para informa\u00e7\u00f5es e solicita\u00e7\u00f5es referentes a esta pol\u00edtica \u00e9 o e-mail: generosi@generosi.com.br<\/p>\n<p><br \/><strong>Como protegemos seus dados<\/strong><\/p>\n<p>Seus dados est\u00e3o protegidos e armazenados seguindo os crit\u00e9rios de seguran\u00e7a disponibilizados pelo mercado.<\/p>\n<p><br \/><strong>Quais s\u00e3o nossos procedimentos contra viola\u00e7\u00e3o de dados<\/strong><\/p>\n<p>Nenhuma transmiss\u00e3o de informa\u00e7\u00f5es \u00e9 totalmente segura, pois sempre estar\u00e1 suscet\u00edvel \u00e0 ocorr\u00eancia de falhas t\u00e9cnicas, malwares e\/ou a\u00e7\u00f5es similares. Nesse sentido, nossa empresa adota os melhores esfor\u00e7os para preservar a sua privacidade e proteger os seus dados pessoais. De qualquer forma, na remota hip\u00f3tese de incid\u00eancia de epis\u00f3dios desta natureza, a empresa garante o pleno esfor\u00e7o para remediar as consequ\u00eancias do evento, sempre garantindo a devida transpar\u00eancia a voc\u00ea.<\/p>\n<p><br \/><strong>De quais terceiros n\u00f3s recebemos dados<\/strong><\/p>\n<p>N\u00f3s recebemos informa\u00e7\u00f5es de an\u00fancios em sites de busca, de redes sociais e de nossos parceiros seguradores.<\/p>\t\t\t\t\t\t<\/div>\n\t\t\t\t<\/div>\n\t\t\t\t\t<\/div>\n\t\t<\/div>\n\t\t\t\t\t\t\t<\/div>\n\t\t<\/section>\n\t\t\t\t\t\t\t<\/div>\n\t\t","protected":false},"excerpt":{"rendered":"<p>POL\u00cdTICA DE PRIVACIDADE Quem somos N\u00f3s somos a Imperatriz \u2013 Corretora de Seguros LTDA e esta pol\u00edtica de privacidade \u00e9 referente ao uso de dados coletados atrav\u00e9s do site https:\/\/generosi.com.br. Ela foi criada com o intuito de demonstrar nosso compromisso com a prote\u00e7\u00e3o de seus dados pessoais e privacidade. Quais dados pessoais coletamos e porque [&hellip;]<\/p>\n","protected":false},"author":1,"featured_media":0,"parent":0,"menu_order":0,"comment_status":"closed","ping_status":"closed","template":"","meta":{"footnotes":""},"class_list":["post-2074","page","type-page","status-publish","hentry"],"yoast_head":"<!-- This site is optimized with the Yoast SEO plugin v21.5 - https:\/\/yoast.com\/wordpress\/plugins\/seo\/ -->\n<title>Pol\u00edtica de privacidade - Generosi Loja de Seguros<\/title>\n<meta name=\"robots\" content=\"index, follow, max-snippet:-1, max-image-preview:large, max-video-preview:-1\" \/>\n<link rel=\"canonical\" href=\"https:\/\/generosi.com.br\/site\/politica-de-privacidade\/\" \/>\n<meta property=\"og:locale\" content=\"pt_BR\" \/>\n<meta property=\"og:type\" content=\"article\" \/>\n<meta property=\"og:title\" content=\"Pol\u00edtica de privacidade - Generosi Loja de Seguros\" \/>\n<meta property=\"og:description\" content=\"POL\u00cdTICA DE PRIVACIDADE Quem somos N\u00f3s somos a Imperatriz \u2013 Corretora de Seguros LTDA e esta pol\u00edtica de privacidade \u00e9 referente ao uso de dados coletados atrav\u00e9s do site https:\/\/generosi.com.br. Ela foi criada com o intuito de demonstrar nosso compromisso com a prote\u00e7\u00e3o de seus dados pessoais e privacidade. Quais dados pessoais coletamos e porque [&hellip;]\" \/>\n<meta property=\"og:url\" content=\"https:\/\/generosi.com.br\/site\/politica-de-privacidade\/\" \/>\n<meta property=\"og:site_name\" content=\"Generosi Loja de Seguros\" \/>\n<meta property=\"article:modified_time\" content=\"2022-10-07T04:21:57+00:00\" \/>\n<meta name=\"twitter:card\" content=\"summary_large_image\" \/>\n<meta name=\"twitter:label1\" content=\"Est. tempo de leitura\" \/>\n\t<meta name=\"twitter:data1\" content=\"7 minutos\" \/>\n<script type=\"application\/ld+json\" class=\"yoast-schema-graph\">{\"@context\":\"https:\/\/schema.org\",\"@graph\":[{\"@type\":\"WebPage\",\"@id\":\"https:\/\/generosi.com.br\/site\/politica-de-privacidade\/\",\"url\":\"https:\/\/generosi.com.br\/site\/politica-de-privacidade\/\",\"name\":\"Pol\u00edtica de privacidade - Generosi Loja de Seguros\",\"isPartOf\":{\"@id\":\"https:\/\/generosi.com.br\/site\/#website\"},\"datePublished\":\"2022-10-06T19:33:44+00:00\",\"dateModified\":\"2022-10-07T04:21:57+00:00\",\"breadcrumb\":{\"@id\":\"https:\/\/generosi.com.br\/site\/politica-de-privacidade\/#breadcrumb\"},\"inLanguage\":\"pt-BR\",\"potentialAction\":[{\"@type\":\"ReadAction\",\"target\":[\"https:\/\/generosi.com.br\/site\/politica-de-privacidade\/\"]}]},{\"@type\":\"BreadcrumbList\",\"@id\":\"https:\/\/generosi.com.br\/site\/politica-de-privacidade\/#breadcrumb\",\"itemListElement\":[{\"@type\":\"ListItem\",\"position\":1,\"name\":\"In\u00edcio\",\"item\":\"https:\/\/generosi.com.br\/site\/\"},{\"@type\":\"ListItem\",\"position\":2,\"name\":\"Pol\u00edtica de privacidade\"}]},{\"@type\":\"WebSite\",\"@id\":\"https:\/\/generosi.com.br\/site\/#website\",\"url\":\"https:\/\/generosi.com.br\/site\/\",\"name\":\"Generosi Loja de Seguros\",\"description\":\"Voc\u00ea conquista. N\u00f3s protegemos.\",\"publisher\":{\"@id\":\"https:\/\/generosi.com.br\/site\/#organization\"},\"potentialAction\":[{\"@type\":\"SearchAction\",\"target\":{\"@type\":\"EntryPoint\",\"urlTemplate\":\"https:\/\/generosi.com.br\/site\/?s={search_term_string}\"},\"query-input\":\"required name=search_term_string\"}],\"inLanguage\":\"pt-BR\"},{\"@type\":\"Organization\",\"@id\":\"https:\/\/generosi.com.br\/site\/#organization\",\"name\":\"Generosi Loja de Seguros\",\"url\":\"https:\/\/generosi.com.br\/site\/\",\"logo\":{\"@type\":\"ImageObject\",\"inLanguage\":\"pt-BR\",\"@id\":\"https:\/\/generosi.com.br\/site\/#\/schema\/logo\/image\/\",\"url\":\"https:\/\/generosi.com.br\/site\/wp-content\/uploads\/2022\/08\/logomarca-site.jpg\",\"contentUrl\":\"https:\/\/generosi.com.br\/site\/wp-content\/uploads\/2022\/08\/logomarca-site.jpg\",\"width\":1500,\"height\":859,\"caption\":\"Generosi Loja de Seguros\"},\"image\":{\"@id\":\"https:\/\/generosi.com.br\/site\/#\/schema\/logo\/image\/\"}}]}<\/script>\n<!-- \/ Yoast SEO plugin. -->","yoast_head_json":{"title":"Pol\u00edtica de privacidade - Generosi Loja de Seguros","robots":{"index":"index","follow":"follow","max-snippet":"max-snippet:-1","max-image-preview":"max-image-preview:large","max-video-preview":"max-video-preview:-1"},"canonical":"https:\/\/generosi.com.br\/site\/politica-de-privacidade\/","og_locale":"pt_BR","og_type":"article","og_title":"Pol\u00edtica de privacidade - Generosi Loja de Seguros","og_description":"POL\u00cdTICA DE PRIVACIDADE Quem somos N\u00f3s somos a Imperatriz \u2013 Corretora de Seguros LTDA e esta pol\u00edtica de privacidade \u00e9 referente ao uso de dados coletados atrav\u00e9s do site https:\/\/generosi.com.br. Ela foi criada com o intuito de demonstrar nosso compromisso com a prote\u00e7\u00e3o de seus dados pessoais e privacidade. Quais dados pessoais coletamos e porque [&hellip;]","og_url":"https:\/\/generosi.com.br\/site\/politica-de-privacidade\/","og_site_name":"Generosi Loja de Seguros","article_modified_time":"2022-10-07T04:21:57+00:00","twitter_card":"summary_large_image","twitter_misc":{"Est. tempo de leitura":"7 minutos"},"schema":{"@context":"https:\/\/schema.org","@graph":[{"@type":"WebPage","@id":"https:\/\/generosi.com.br\/site\/politica-de-privacidade\/","url":"https:\/\/generosi.com.br\/site\/politica-de-privacidade\/","name":"Pol\u00edtica de privacidade - Generosi Loja de Seguros","isPartOf":{"@id":"https:\/\/generosi.com.br\/site\/#website"},"datePublished":"2022-10-06T19:33:44+00:00","dateModified":"2022-10-07T04:21:57+00:00","breadcrumb":{"@id":"https:\/\/generosi.com.br\/site\/politica-de-privacidade\/#breadcrumb"},"inLanguage":"pt-BR","potentialAction":[{"@type":"ReadAction","target":["https:\/\/generosi.com.br\/site\/politica-de-privacidade\/"]}]},{"@type":"BreadcrumbList","@id":"https:\/\/generosi.com.br\/site\/politica-de-privacidade\/#breadcrumb","itemListElement":[{"@type":"ListItem","position":1,"name":"In\u00edcio","item":"https:\/\/generosi.com.br\/site\/"},{"@type":"ListItem","position":2,"name":"Pol\u00edtica de privacidade"}]},{"@type":"WebSite","@id":"https:\/\/generosi.com.br\/site\/#website","url":"https:\/\/generosi.com.br\/site\/","name":"Generosi Loja de Seguros","description":"Voc\u00ea conquista. N\u00f3s protegemos.","publisher":{"@id":"https:\/\/generosi.com.br\/site\/#organization"},"potentialAction":[{"@type":"SearchAction","target":{"@type":"EntryPoint","urlTemplate":"https:\/\/generosi.com.br\/site\/?s={search_term_string}"},"query-input":"required name=search_term_string"}],"inLanguage":"pt-BR"},{"@type":"Organization","@id":"https:\/\/generosi.com.br\/site\/#organization","name":"Generosi Loja de Seguros","url":"https:\/\/generosi.com.br\/site\/","logo":{"@type":"ImageObject","inLanguage":"pt-BR","@id":"https:\/\/generosi.com.br\/site\/#\/schema\/logo\/image\/","url":"https:\/\/generosi.com.br\/site\/wp-content\/uploads\/2022\/08\/logomarca-site.jpg","contentUrl":"https:\/\/generosi.com.br\/site\/wp-content\/uploads\/2022\/08\/logomarca-site.jpg","width":1500,"height":859,"caption":"Generosi Loja de Seguros"},"image":{"@id":"https:\/\/generosi.com.br\/site\/#\/schema\/logo\/image\/"}}]}},"_links":{"self":[{"href":"https:\/\/generosi.com.br\/site\/wp-json\/wp\/v2\/pages\/2074","targetHints":{"allow":["GET"]}}],"collection":[{"href":"https:\/\/generosi.com.br\/site\/wp-json\/wp\/v2\/pages"}],"about":[{"href":"https:\/\/generosi.com.br\/site\/wp-json\/wp\/v2\/types\/page"}],"author":[{"embeddable":true,"href":"https:\/\/generosi.com.br\/site\/wp-json\/wp\/v2\/users\/1"}],"replies":[{"embeddable":true,"href":"https:\/\/generosi.com.br\/site\/wp-json\/wp\/v2\/comments?post=2074"}],"version-history":[{"count":49,"href":"https:\/\/generosi.com.br\/site\/wp-json\/wp\/v2\/pages\/2074\/revisions"}],"predecessor-version":[{"id":2131,"href":"https:\/\/generosi.com.br\/site\/wp-json\/wp\/v2\/pages\/2074\/revisions\/2131"}],"wp:attachment":[{"href":"https:\/\/generosi.com.br\/site\/wp-json\/wp\/v2\/media?parent=2074"}],"curies":[{"name":"wp","href":"https:\/\/api.w.org\/{rel}","templated":true}]}}